{"id":2,"date":"2020-01-03T17:46:01","date_gmt":"2020-01-03T16:46:01","guid":{"rendered":"https:\/\/quantenquark.com\/fakt-und-vorurteil\/?page_id=2"},"modified":"2024-01-29T18:04:17","modified_gmt":"2024-01-29T17:04:17","slug":"beispiel-seite","status":"publish","type":"page","link":"https:\/\/quantenquark.com\/fakt-und-vorurteil\/beispiel-seite\/","title":{"rendered":"Kontakt\/Rechtliches"},"content":{"rendered":"\r\n<h3 class=\"wp-block-heading\">Schreiben Sie uns!<\/h3>\r\n\r\n\r\n\r\n<p>Angesichts der rechtlichen Unsicherheiten, die mit der Einf\u00fchrung der Datenschutz-Grundverordnung (DSGVO) um Kontaktformulare entstanden sind, werden wir auf die M\u00f6glichkeit, uns \u00fcber ein Kontaktformular zu erreichen, bis auf weiteres verzichten. Wenn Sie Diskussionsbedarf au\u00dferhalb der Kommentarfunktion haben oder sich einfach pers\u00f6nlich mit uns in Verbindung setzen m\u00f6chten, freuen wir uns, wenn Sie uns stattdessen einfach eine E-Mail schreiben. Etwas anderes h\u00e4tte das Kontaktformular auch nicht getan.<\/p>\r\n\r\n\r\n\r\n<p><em>autoren (at) fakt-und-vorurteil . de <\/em><\/p>\r\n\r\n\r\n\r\n<h3 class=\"wp-block-heading\">Impressum<\/h3>\r\n\r\n\r\n\r\n<p>Dr. Holm Gero H\u00fcmmler<br \/>c\/o Uncertainty Managers Consulting GmbH<br \/>Leopoldsweg 2<br \/>61348 Bad Homburg v.d.H.<\/p>\r\n\r\n\r\n\r\n<p><em>hummler (at) web . de<\/em><\/p>\r\n\r\n\r\n\r\n<p>Tel. +49 6172 6681860<\/p>\r\n\r\n\r\n\r\n<p><a href=\"http:\/\/www.holm-huemmler.de\">www.holm-huemmler.de<\/a><\/p>\r\n\r\n\r\n\r\n<h3 class=\"wp-block-heading\">Datenschutz:<\/h3>\r\n\r\n\r\n\r\n<p>Quantenquark.com, wozu auch die Unterseite fakt-und-vorurteil.de geh\u00f6rt, ist mein privates Freizeitvergn\u00fcgen. Die Seite ist werbefrei, und die Kosten trage ich aus meiner eigenen Tasche. Die Seite geh\u00f6rt jedoch zu einem Buch, das k\u00e4uflich zu erwerben ist. Nach Ansicht vieler Juristen gen\u00fcgt das, um den Blog zu einer gewerblichen Seite zu machen \u2013 und damit zur Zielscheibe eines justistischen Instrumentariums aus Datenschutzgrundverordnung (GDPR\/DSGVO), Bundesdatenschutzgesetz (BDSG) und Telemediengesetz (TMG), das angeblich auf Unternehmen wie Google oder Facebook zielt, in der Praxis aber vor allem Kleinunternehmer, Vereine und private Blogger mit B\u00fcrokratie \u00fcberzieht. Sollten Sie irgendwelche Fragen, nicht nur zu meiner Meinung, sondern auch zum Umgang mit Datenschutz auf dieser Seite haben, z\u00f6gern Sie bitte nicht, mich direkt anzusprechen.<\/p>\r\n\r\n\r\n\r\n<p>Cookies und Weiterleitung an Drittanbieter:<\/p>\r\n\r\n\r\n\r\n<p>Quantenquark.com, wozu auch die Unterseite fakt-und-vorurteil.de geh\u00f6rt, verwendet keine Cookies und l\u00e4dt keine externen Inhalte, die die Nutzer gegen\u00fcber Dritten au\u00dfer dem Hoster von quantenquark.com identifizieren k\u00f6nnten. Keinerlei durch quantenquark.com erlangte pers\u00f6nliche Daten werden an Dritte innerhalb oder au\u00dferhalb der EU \u00fcbermittelt. Die Links zu Facebook und zum rss-Feed rechts auf der Seite sind selbst erstellte, einfache Verlinkungen und keine eingebetteten Inhalte von Facebook, die Sie eventuell schon beim Ansehen gegen\u00fcber jemand Drittem identifizieren k\u00f6nnten. Trackingdienste wie Google Analytics nutzt quantenquark.com und damit auch fakt-und-vorurteil.de nicht.<\/p>\r\n\r\n\r\n\r\n<p>Links auf dieser Seite, zum Beispiel zu Youtube-Videos oder auch auf Seiten, deren Inhalt wir diskutieren, k\u00f6nnen nat\u00fcrlich dazu f\u00fchren, dass Cookies gesetzt oder Sie gegen\u00fcber Dritten identifiziert werden, sobald Sie diese anklicken. Darauf haben wir dann keinen Einfluss mehr.<\/p>\r\n\r\n\r\n\r\n<p>Zuschriften und Kommentare:<\/p>\r\n\r\n\r\n\r\n<p>Wenn Sie einen der Artikel kommentieren, k\u00f6nnen Sie Ihren Namen und Ihre Mailadresse angeben, m\u00fcssen Sie aber nicht. Es hat auch vor der DSGVO niemand kontrolliert, ob Sie Ihren echten Namen und eine existierende Mailadresse angeben. Ich pers\u00f6nlich finde es ein Gebot der H\u00f6flichkeit, in meinen Kommentaren unter seri\u00f6sen Artikeln auf Blogs oder Nachrichtenseiten meinen echten Namen anzugeben, aber das kann jeder gerne anders sehen. Gegebenenfalls wird ein Kommentar ohne Namen oder einer von Micky Maus bei den Lesern nat\u00fcrlich nicht die gleiche Wertsch\u00e4tzung erfahren wie einer, zu dem Sie sich mit ihrer echten Identit\u00e4t bekennen. Netzwerkadressen werden zu den Kommentaren aufgrund der DSGVO nicht mehr gespeichert. Das kann schlimmstenfalls dazu f\u00fchren, dass wir Ihren Kommentar, wenn wir ihn nicht verstehen, f\u00fcr Spam halten und l\u00f6schen, weil wir nicht kontrollieren k\u00f6nnen, ob ein Kommentar von einem deutschen Telekom-Kunden oder von einem Spambot aus Turkmenistan erstellt wurde.<\/p>\r\n\r\n\r\n\r\n<p>Informationen zu Ihren Kommentaren werden nicht an Gravatar oder \u00e4hnliche Avatar-Dienste weitergeleitet. Dementsprechend k\u00f6nnen auf fakt-und-vorurteil.de auch keine Avatare (Nutzerbilder) angezeigt werden, die in der Vergangenheit in den Kommentarspalten vieler Blogs und Nachrichtenseiten die Diskussionen zwischen den Lesern pers\u00f6nlicher gemacht haben.<\/p>\r\n\r\n\r\n\r\n<p>E-Mails zu diesem Blog werden bis 24 Monate nach dem Ende des aktuellen Dialogs gespeichert (um bei m\u00f6glichen sp\u00e4teren Nachfragen Ihrerseits angemessen antworten zu k\u00f6nnen) und dann gel\u00f6scht, sofern in den E-Mails keine abweichenden Vereinbarungen getroffen wurden. Die E-Mails werden nur bei unseren Mailanbietern web.de sowie apple.com sowie bei uns privat auf zugangsgesicherten Systemen gespeichert, und nur wir haben Zugriff darauf. Informationen zum Datenschutz bei web.de und die Kontaktdaten des dort zust\u00e4digen Datenschutzbeauftragten finden Sie <a href=\"https:\/\/agb-server.web.de\/datenschutz\">hier<\/a>. Informationen zum Datenschutz bei apple.com und die Kontaktdaten der dortigen Ansprechpartner finden Sie <a href=\"https:\/\/www.apple.com\/de\/privacy\/\">hier<\/a>. Sie k\u00f6nnen jederzeit die L\u00f6schung Ihrer E-Mails verlangen. Ihre E-Mail wird zu keinerlei kommerziellen Zwecken verwendet, au\u00dfer Sie bekunden darin ausdr\u00fccklich Interesse an unseren jeweiligen gesch\u00e4ftlichen, beratenden oder therapeutischen Leistungen, die jedoch nichts mit diesem Blog zu tun haben.<\/p>\r\n\r\n\r\n\r\n<p>Zugriffsdaten:<\/p>\r\n\r\n\r\n\r\n<p>Quantenquark.com, wozu auch die Unterseite fakt-und-vorurteil.de geh\u00f6rt, wird bei der <a href=\"https:\/\/www.strato.de\/impressum\/\">Strato AG<\/a>, Berlin, gehostet. Um das Angebot f\u00fcr Sie zu optimieren und um missbr\u00e4uchliche Zugriffe zu erkennen, legt Strato Logfiles von allen Zugriffen auf die Seite an. In diesen Logfiles werden die Netzwerkadressen der zugreifenden Rechner zun\u00e4chst f\u00fcr bis zu sieben Tage gespeichert.\u00a0 In l\u00e4ngerfristig gespeicherten Logfiles werden laut der Datenschutzerkl\u00e4rung von Strato, <a href=\"https:\/\/www.strato.de\/datenschutz\/\">die Sie hier einsehen k\u00f6nnen<\/a>, die Netzwerkadressen anonymisiert, so dass eine direkte Zuordnung zum einzelnen Rechner nicht mehr m\u00f6glich ist und die Logfiles somit rechtlich keine Personendaten mehr sind. Daneben enthalten die Logfiles technische Informationen wie den Zugriffszeitpunkt, die heruntergeladenen Dateien, \u00fcbertragene Datenmenge, Meldung \u00fcber erfolgreichen Abruf, Land, Betriebssystem, Browser, Internetprovider und verweisende Seite. Auf den Inhalt dieser Logfiles k\u00f6nnen wir in Form statistischer Auswertungen zugreifen und sie voll anonymisiert, also nicht mehr zu Personen zuordenbar, einsehen. Wir verfolgen lediglich die statistischen Ergebnisse dieser Analysen und speichern oder verarbeiten keinerlei Daten aus diesen Logfiles. Wir haben keinen Einfluss auf die beim Hoster gespeicherten Daten und k\u00f6nnen diese weder ver\u00e4ndern noch l\u00f6schen. F\u00fcr alle Fragen zu den beim Hoster gespeicherten Daten wenden Sie sich bitte an datenschutz@strato.de oder<\/p>\r\n\r\n\r\n\r\n<p>Strato AG<br \/>Pascalstra\u00dfe 10<br \/>10587 Berlin<br \/>Telefon 030-300 146 0<\/p>\r\n","protected":false},"excerpt":{"rendered":"<p>Schreiben Sie uns! Angesichts der rechtlichen Unsicherheiten, die mit der Einf\u00fchrung der Datenschutz-Grundverordnung (DSGVO) um Kontaktformulare entstanden sind, werden wir auf die M\u00f6glichkeit, uns \u00fcber ein Kontaktformular zu erreichen, bis auf weiteres verzichten. Wenn Sie Diskussionsbedarf au\u00dferhalb der Kommentarfunktion haben oder sich einfach pers\u00f6nlich mit uns in Verbindung setzen m\u00f6chten, freuen wir uns, wenn Sie &hellip; <a href=\"https:\/\/quantenquark.com\/fakt-und-vorurteil\/beispiel-seite\/\" class=\"more-link\"><span class=\"screen-reader-text\">\u201eKontakt\/Rechtliches\u201c<\/span> weiterlesen<\/a><\/p>\n","protected":false},"author":1,"featured_media":0,"parent":0,"menu_order":0,"comment_status":"closed","ping_status":"open","template":"","meta":{"footnotes":""},"class_list":["post-2","page","type-page","status-publish","hentry"],"_links":{"self":[{"href":"https:\/\/quantenquark.com\/fakt-und-vorurteil\/wp-json\/wp\/v2\/pages\/2","targetHints":{"allow":["GET"]}}],"collection":[{"href":"https:\/\/quantenquark.com\/fakt-und-vorurteil\/wp-json\/wp\/v2\/pages"}],"about":[{"href":"https:\/\/quantenquark.com\/fakt-und-vorurteil\/wp-json\/wp\/v2\/types\/page"}],"author":[{"embeddable":true,"href":"https:\/\/quantenquark.com\/fakt-und-vorurteil\/wp-json\/wp\/v2\/users\/1"}],"replies":[{"embeddable":true,"href":"https:\/\/quantenquark.com\/fakt-und-vorurteil\/wp-json\/wp\/v2\/comments?post=2"}],"version-history":[{"count":4,"href":"https:\/\/quantenquark.com\/fakt-und-vorurteil\/wp-json\/wp\/v2\/pages\/2\/revisions"}],"predecessor-version":[{"id":79,"href":"https:\/\/quantenquark.com\/fakt-und-vorurteil\/wp-json\/wp\/v2\/pages\/2\/revisions\/79"}],"wp:attachment":[{"href":"https:\/\/quantenquark.com\/fakt-und-vorurteil\/wp-json\/wp\/v2\/media?parent=2"}],"curies":[{"name":"wp","href":"https:\/\/api.w.org\/{rel}","templated":true}]}}