{"id":29,"date":"2021-07-30T22:14:20","date_gmt":"2021-07-30T20:14:20","guid":{"rendered":"https:\/\/quantenquark.com\/fakt-und-vorurteil\/?page_id=29"},"modified":"2021-07-30T22:14:20","modified_gmt":"2021-07-30T20:14:20","slug":"das-buch","status":"publish","type":"page","link":"https:\/\/quantenquark.com\/fakt-und-vorurteil\/das-buch\/","title":{"rendered":"Das Buch"},"content":{"rendered":"<p>Beim Kaffeetrinken mit der Familie wird Ihnen energetisiertes Wasser angeboten. Auf Twitter diskutieren Sie mit Impfgegnern. Die WhatsApp-Kitagruppe diskutiert Sternzeichen, die Apotheke verkauft Ihnen Globuli, die Nachbarin missioniert f\u00fcr ihren Guru und die Nachrichten besch\u00e4ftigen sich schon wieder mit Demonstrationen von Rechtsextremen.<br \/>\n\u00dcberall begegnen Ihnen Verschw\u00f6rungsmythen, Aberglaube, Esoterik, Pseudowissenschaften und Co. und Sie m\u00f6chten darauf reagieren \u2013 dabei m\u00f6glichst sachlich bleiben, Ihren Standpunkt klarstellen, Fakten liefern, aber auch nicht unn\u00f6tig provozieren oder \u00fcberladen. Au\u00dferdem m\u00f6chten Sie Ihr Gegen\u00fcber nicht verletzen, aber zum Umdenken anregen. Doch wie gelingt das?<br \/>\nWenn Sie sich diese Frage stellen, lesen Sie \u201eFakt und Vorurteil\u201c. Verstehen Sie, warum wir von Emotionen gesteuert sind und die meisten Informationen an uns abprallen. Nehmen Sie Erfahrungen und Tipps aus Interviews mit professionellen (Wissenschafts-)Kommunikatoren mit. Verfolgen Sie dann unterschiedliche Personen durch ihre eigenen Umdenkprozesse: Was \u00fcberzeugt einen Alternativmediziner davon, nicht evidenzbasierte Medizin hinter sich zu lassen? Was war ausschlaggebend f\u00fcr eine ehemalige Impfgegnerin, ihre Kinder doch impfen zu lassen? Was hilft Mitgliedern von vereinnahmenden Organisationen beim Ausstieg? Was bewegt ein gefeiertes Medium, sich aus der Esoterik zu l\u00f6sen?<br \/>\nDieses Buch richtet sich an alle, die sich um Personen mit irrationalen Weltsichten sorgen oder nicht wissen, wie sie mit ihnen kommunizieren sollen \u2013 sei es in der Familie, im Freundeskreis, anonym im Internet oder bei der Arbeit. Die Autoren geben konkrete Tipps zu Diskussionen und Situationen und helfen auch dabei zu entscheiden, wann es wichtig ist sich zu engagieren und wann man sich lieber zur\u00fcckzieht.<\/p>\n","protected":false},"excerpt":{"rendered":"<p>Beim Kaffeetrinken mit der Familie wird Ihnen energetisiertes Wasser angeboten. Auf Twitter diskutieren Sie mit Impfgegnern. Die WhatsApp-Kitagruppe diskutiert Sternzeichen, die Apotheke verkauft Ihnen Globuli, die Nachbarin missioniert f\u00fcr ihren Guru und die Nachrichten besch\u00e4ftigen sich schon wieder mit Demonstrationen von Rechtsextremen. \u00dcberall begegnen Ihnen Verschw\u00f6rungsmythen, Aberglaube, Esoterik, Pseudowissenschaften und Co. und Sie m\u00f6chten darauf &hellip; <a href=\"https:\/\/quantenquark.com\/fakt-und-vorurteil\/das-buch\/\" class=\"more-link\"><span class=\"screen-reader-text\">\u201eDas Buch\u201c<\/span> weiterlesen<\/a><\/p>\n","protected":false},"author":2,"featured_media":0,"parent":0,"menu_order":0,"comment_status":"closed","ping_status":"closed","template":"","meta":{"footnotes":""},"class_list":["post-29","page","type-page","status-publish","hentry"],"_links":{"self":[{"href":"https:\/\/quantenquark.com\/fakt-und-vorurteil\/wp-json\/wp\/v2\/pages\/29","targetHints":{"allow":["GET"]}}],"collection":[{"href":"https:\/\/quantenquark.com\/fakt-und-vorurteil\/wp-json\/wp\/v2\/pages"}],"about":[{"href":"https:\/\/quantenquark.com\/fakt-und-vorurteil\/wp-json\/wp\/v2\/types\/page"}],"author":[{"embeddable":true,"href":"https:\/\/quantenquark.com\/fakt-und-vorurteil\/wp-json\/wp\/v2\/users\/2"}],"replies":[{"embeddable":true,"href":"https:\/\/quantenquark.com\/fakt-und-vorurteil\/wp-json\/wp\/v2\/comments?post=29"}],"version-history":[{"count":1,"href":"https:\/\/quantenquark.com\/fakt-und-vorurteil\/wp-json\/wp\/v2\/pages\/29\/revisions"}],"predecessor-version":[{"id":30,"href":"https:\/\/quantenquark.com\/fakt-und-vorurteil\/wp-json\/wp\/v2\/pages\/29\/revisions\/30"}],"wp:attachment":[{"href":"https:\/\/quantenquark.com\/fakt-und-vorurteil\/wp-json\/wp\/v2\/media?parent=29"}],"curies":[{"name":"wp","href":"https:\/\/api.w.org\/{rel}","templated":true}]}}