{"id":8,"date":"2020-01-03T20:47:34","date_gmt":"2020-01-03T19:47:34","guid":{"rendered":"https:\/\/quantenquark.com\/fakt-und-vorurteil\/?page_id=8"},"modified":"2021-07-30T22:11:03","modified_gmt":"2021-07-30T20:11:03","slug":"die-seite","status":"publish","type":"page","link":"https:\/\/quantenquark.com\/fakt-und-vorurteil\/die-seite\/","title":{"rendered":"Die Seite"},"content":{"rendered":"\r\n<p>Unser Buch &#8222;Fakt und Vorurteil &#8211; Kommunikation mit Esoterikern, Fanatikern und Verschw\u00f6rungsgl\u00e4ubigen&#8220; erscheint im Herbst 2021 bei Springer.<\/p>\r\n<p>Diese Seite soll dazu dienen, nach der Fertigstellung des Buches noch auftauchende Ideen und Anregungen nachzutragen, Hinweise auf andere hilfreiche B\u00fccher, auf Videos oder Veranstaltungen zu geben, und die Arbeit am Buch nach seinem Erscheinen weiterzuf\u00fchren.<\/p>\r\n<p>Sie soll aber auch Ihnen als Leser*innen eine Gelegenheit bieten, mit uns in Kontakt zu treten, zu kommentieren, Anregungen und eigene Erfahrungen weiterzugeben und die Geschichte von &#8222;Fakt und Vorurteil&#8220; selbst mit weiterzuschreiben. Sie k\u00f6nnen dazu einfach unter &#8222;Die Artikel&#8220; einen geeigneten Artikel ausw\u00e4hlen, die \u00dcberschrift anklicken und dann unter dem Artikel die Kommentarfunktion nutzen, oder Sie schreiben uns unter<\/p>\r\n<p>autoren (at) fakt-und-vorurteil . de<\/p>\r\n","protected":false},"excerpt":{"rendered":"<p>Unser Buch &#8222;Fakt und Vorurteil &#8211; Kommunikation mit Esoterikern, Fanatikern und Verschw\u00f6rungsgl\u00e4ubigen&#8220; erscheint im Herbst 2021 bei Springer. Diese Seite soll dazu dienen, nach der Fertigstellung des Buches noch auftauchende Ideen und Anregungen nachzutragen, Hinweise auf andere hilfreiche B\u00fccher, auf Videos oder Veranstaltungen zu geben, und die Arbeit am Buch nach seinem Erscheinen weiterzuf\u00fchren. Sie &hellip; <a href=\"https:\/\/quantenquark.com\/fakt-und-vorurteil\/die-seite\/\" class=\"more-link\"><span class=\"screen-reader-text\">\u201eDie Seite\u201c<\/span> weiterlesen<\/a><\/p>\n","protected":false},"author":2,"featured_media":0,"parent":0,"menu_order":0,"comment_status":"closed","ping_status":"closed","template":"","meta":{"footnotes":""},"class_list":["post-8","page","type-page","status-publish","hentry"],"_links":{"self":[{"href":"https:\/\/quantenquark.com\/fakt-und-vorurteil\/wp-json\/wp\/v2\/pages\/8","targetHints":{"allow":["GET"]}}],"collection":[{"href":"https:\/\/quantenquark.com\/fakt-und-vorurteil\/wp-json\/wp\/v2\/pages"}],"about":[{"href":"https:\/\/quantenquark.com\/fakt-und-vorurteil\/wp-json\/wp\/v2\/types\/page"}],"author":[{"embeddable":true,"href":"https:\/\/quantenquark.com\/fakt-und-vorurteil\/wp-json\/wp\/v2\/users\/2"}],"replies":[{"embeddable":true,"href":"https:\/\/quantenquark.com\/fakt-und-vorurteil\/wp-json\/wp\/v2\/comments?post=8"}],"version-history":[{"count":3,"href":"https:\/\/quantenquark.com\/fakt-und-vorurteil\/wp-json\/wp\/v2\/pages\/8\/revisions"}],"predecessor-version":[{"id":28,"href":"https:\/\/quantenquark.com\/fakt-und-vorurteil\/wp-json\/wp\/v2\/pages\/8\/revisions\/28"}],"wp:attachment":[{"href":"https:\/\/quantenquark.com\/fakt-und-vorurteil\/wp-json\/wp\/v2\/media?parent=8"}],"curies":[{"name":"wp","href":"https:\/\/api.w.org\/{rel}","templated":true}]}}