{"id":2,"date":"2019-04-15T02:08:30","date_gmt":"2019-04-15T00:08:30","guid":{"rendered":"http:\/\/quantenquark.com\/hoerbuch\/?page_id=2"},"modified":"2019-04-26T19:54:23","modified_gmt":"2019-04-26T17:54:23","slug":"beispiel-seite","status":"publish","type":"page","link":"https:\/\/quantenquark.com\/hoerbuch\/","title":{"rendered":"Abbildungen zum Quantenquark-H\u00f6rbuch"},"content":{"rendered":"\n<p>Auf dieser Seite finden Sie die im H\u00f6rbuch erw\u00e4hnten Abbildungen aus dem Buch &#8222;Relativer Quantenquark&#8220;. Sie k\u00f6nnen die Abbildungen auch bei Audible oder hier als pdf-Datei herunterladen:<\/p>\n\n\n\n<div class=\"wp-block-file\"><a href=\"https:\/\/quantenquark.com\/hoerbuch\/wp-content\/uploads\/sites\/6\/2019\/04\/Abbildungen-zum-H\u00f6rbuch-1.pdf\">Abbildungen zum H\u00f6rbuch-1<\/a><a href=\"https:\/\/quantenquark.com\/hoerbuch\/wp-content\/uploads\/sites\/6\/2019\/04\/Abbildungen-zum-H\u00f6rbuch-1.pdf\" class=\"wp-block-file__button\" download>Herunterladen<\/a><\/div>\n\n\n\n<h2 class=\"wp-block-heading\"><\/h2>\n\n\n\n<figure class=\"wp-block-image\"><img loading=\"lazy\" decoding=\"async\" width=\"1024\" height=\"748\" src=\"https:\/\/quantenquark.com\/hoerbuch\/wp-content\/uploads\/sites\/6\/2019\/04\/2.2-Interferenz-1024x748.jpg\" alt=\"\" class=\"wp-image-7\" srcset=\"https:\/\/quantenquark.com\/hoerbuch\/wp-content\/uploads\/sites\/6\/2019\/04\/2.2-Interferenz-1024x748.jpg 1024w, https:\/\/quantenquark.com\/hoerbuch\/wp-content\/uploads\/sites\/6\/2019\/04\/2.2-Interferenz-300x219.jpg 300w, https:\/\/quantenquark.com\/hoerbuch\/wp-content\/uploads\/sites\/6\/2019\/04\/2.2-Interferenz-768x561.jpg 768w, https:\/\/quantenquark.com\/hoerbuch\/wp-content\/uploads\/sites\/6\/2019\/04\/2.2-Interferenz-1200x877.jpg 1200w\" sizes=\"auto, (max-width: 709px) 85vw, (max-width: 909px) 67vw, (max-width: 1362px) 62vw, 840px\" \/><figcaption> Abb. 2.2 Beispiele f\u00fcr die Interferenz bei der \u00dcberlagerung von Wellen  gleicher oder \u00e4hnlicher Wellenl\u00e4nge, zum Beispiel im Wasser. Die  schwarze Linie zeigt jeweils den Gesamteffekt bei der \u00dcberlagerung der  beiden grau dargestellten Wellen in Abh\u00e4ngigkeit von der Position der  Wellenberge und Wellent\u00e4ler zueinander. Die senkrechten gestrichelten  Linien dienen zur Verdeutlichung der Auslenkungen an jeweils gleichem  Ort <\/figcaption><\/figure>\n\n\n\n<h2 class=\"wp-block-heading\"><\/h2>\n\n\n\n<figure class=\"wp-block-image\"><img loading=\"lazy\" decoding=\"async\" width=\"1024\" height=\"988\" src=\"https:\/\/quantenquark.com\/hoerbuch\/wp-content\/uploads\/sites\/6\/2019\/04\/2.3-Doppelspalt-gro\u00df-1024x988.jpg\" alt=\"\" class=\"wp-image-12\" srcset=\"https:\/\/quantenquark.com\/hoerbuch\/wp-content\/uploads\/sites\/6\/2019\/04\/2.3-Doppelspalt-gro\u00df-1024x988.jpg 1024w, https:\/\/quantenquark.com\/hoerbuch\/wp-content\/uploads\/sites\/6\/2019\/04\/2.3-Doppelspalt-gro\u00df-300x289.jpg 300w, https:\/\/quantenquark.com\/hoerbuch\/wp-content\/uploads\/sites\/6\/2019\/04\/2.3-Doppelspalt-gro\u00df-768x741.jpg 768w, https:\/\/quantenquark.com\/hoerbuch\/wp-content\/uploads\/sites\/6\/2019\/04\/2.3-Doppelspalt-gro\u00df-1200x1157.jpg 1200w, https:\/\/quantenquark.com\/hoerbuch\/wp-content\/uploads\/sites\/6\/2019\/04\/2.3-Doppelspalt-gro\u00df.jpg 1998w\" sizes=\"auto, (max-width: 709px) 85vw, (max-width: 909px) 67vw, (max-width: 1362px) 62vw, 840px\" \/><figcaption> <br>Abb. 2.3 Simuliertes Wellenmuster der Interferenz hinter einem Doppelspalt. Die Wellen treffen von links auf die Blende und breiten sich nach dem Doppelspalt in den dahinterliegenden Raum aus. In den sternf\u00f6rmig auseinanderlaufenden, verwischten grauen Streifen zwischen den Wellen liegt jederzeit destruktive Interferenz vor, sodass keine Wellen auftreten. Auf dem dunklen Streifen in der rechten Bildh\u00e4lfte ist das Streifenmuster der Helligkeitsverteilung angezeigt, die ein Bildschirm an dieser Stelle zeigen w\u00fcrde, wenn es sich um Lichtwellen handelte. Die Reduzierung der Amplitude hinter der Blende, vor allem bei gro\u00dfen Winkeln zur urspr\u00fcnglichen Ausbreitungsrichtung, ist in der Berechnung vernachl\u00e4ssigt. Mit der Beobachtung solcher Interferenzen beim Licht war nachgewiesen, dass es sich bei Licht um eine Welle handeln musste. Durch Lichtteilchen ist ein solches Ph\u00e4nomen nicht zu erkl\u00e4ren <\/figcaption><\/figure>\n\n\n\n<h2 class=\"wp-block-heading\"><\/h2>\n\n\n\n<figure class=\"wp-block-image\"><img loading=\"lazy\" decoding=\"async\" width=\"1024\" height=\"764\" src=\"https:\/\/quantenquark.com\/hoerbuch\/wp-content\/uploads\/sites\/6\/2019\/04\/2.4-Drehspiegel-gro\u00df-1-1024x764.jpg\" alt=\"\" class=\"wp-image-16\" srcset=\"https:\/\/quantenquark.com\/hoerbuch\/wp-content\/uploads\/sites\/6\/2019\/04\/2.4-Drehspiegel-gro\u00df-1-1024x764.jpg 1024w, https:\/\/quantenquark.com\/hoerbuch\/wp-content\/uploads\/sites\/6\/2019\/04\/2.4-Drehspiegel-gro\u00df-1-300x224.jpg 300w, https:\/\/quantenquark.com\/hoerbuch\/wp-content\/uploads\/sites\/6\/2019\/04\/2.4-Drehspiegel-gro\u00df-1-768x573.jpg 768w, https:\/\/quantenquark.com\/hoerbuch\/wp-content\/uploads\/sites\/6\/2019\/04\/2.4-Drehspiegel-gro\u00df-1-1200x895.jpg 1200w\" sizes=\"auto, (max-width: 709px) 85vw, (max-width: 909px) 67vw, (max-width: 1362px) 62vw, 840px\" \/><figcaption>Abb. 2.4 Schematischer Aufbau der Drehspiegelmethode zur Messung der Lichtgeschwindigkeit. Je weiter sich der Drehspiegel gedreht hat, w\u00e4hrend das Licht den Weg von dort zum Spiegel und zur\u00fcck bew\u00e4ltigt, desto weiter verschiebt sich der Lichtpunkt der Reflexion auf dem Schirm. Michelson gelang es durch geschickte Anordnung der Linsen, das Licht aus der Lichtquelle zu einem parallelen Strahl zu b\u00fcndeln, sodass er den von Foucault verwendeten Hohlspiegel durch einen ebenen Spiegel ersetzen und die Abst\u00e4nde deutlich vergr\u00f6\u00dfern konnte<\/figcaption><\/figure>\n\n\n\n<h2 class=\"wp-block-heading\"><\/h2>\n\n\n\n<figure class=\"wp-block-image\"><img loading=\"lazy\" decoding=\"async\" width=\"1024\" height=\"669\" src=\"https:\/\/quantenquark.com\/hoerbuch\/wp-content\/uploads\/sites\/6\/2019\/04\/2.7-Relativistische-Masse-1024x669.jpg\" alt=\"\" class=\"wp-image-18\" srcset=\"https:\/\/quantenquark.com\/hoerbuch\/wp-content\/uploads\/sites\/6\/2019\/04\/2.7-Relativistische-Masse-1024x669.jpg 1024w, https:\/\/quantenquark.com\/hoerbuch\/wp-content\/uploads\/sites\/6\/2019\/04\/2.7-Relativistische-Masse-300x196.jpg 300w, https:\/\/quantenquark.com\/hoerbuch\/wp-content\/uploads\/sites\/6\/2019\/04\/2.7-Relativistische-Masse-768x502.jpg 768w, https:\/\/quantenquark.com\/hoerbuch\/wp-content\/uploads\/sites\/6\/2019\/04\/2.7-Relativistische-Masse-1200x784.jpg 1200w\" sizes=\"auto, (max-width: 709px) 85vw, (max-width: 909px) 67vw, (max-width: 1362px) 62vw, 840px\" \/><figcaption>Abb. 2.7 Zwei Raumschiffe, die sich von einer Raumstation entfernen, einmal aus der Sicht der Station und einmal aus der Sicht eines der Schiffe. Aus der Sicht der Station haben beide Schiffe die gleiche Masse und entfernen sich mit 0,9-facher Lichtgeschwindigkeit. Aus der Sicht eines Raumschiffs entfernt sich die Station mit 0,9-facher Lichtgeschwindigkeit, das zweite Schiff nach der Lorentz-Transformation mit 0,995-facher Lichtgeschwindigkeit. Da der Schwerpunkt des Gesamtsystems weiterhin bei der Station liegen sollte, muss die Masse des sich entfernenden Schiffes deutlich gr\u00f6\u00dfer geworden sein<\/figcaption><\/figure>\n\n\n\n<h2 class=\"wp-block-heading\"><\/h2>\n\n\n\n<figure class=\"wp-block-image\"><img loading=\"lazy\" decoding=\"async\" width=\"1024\" height=\"311\" src=\"https:\/\/quantenquark.com\/hoerbuch\/wp-content\/uploads\/sites\/6\/2019\/04\/2.8-Aequivalenzprinzip-1024x311.jpg\" alt=\"\" class=\"wp-image-19\" srcset=\"https:\/\/quantenquark.com\/hoerbuch\/wp-content\/uploads\/sites\/6\/2019\/04\/2.8-Aequivalenzprinzip-1024x311.jpg 1024w, https:\/\/quantenquark.com\/hoerbuch\/wp-content\/uploads\/sites\/6\/2019\/04\/2.8-Aequivalenzprinzip-300x91.jpg 300w, https:\/\/quantenquark.com\/hoerbuch\/wp-content\/uploads\/sites\/6\/2019\/04\/2.8-Aequivalenzprinzip-768x234.jpg 768w, https:\/\/quantenquark.com\/hoerbuch\/wp-content\/uploads\/sites\/6\/2019\/04\/2.8-Aequivalenzprinzip-1200x365.jpg 1200w\" sizes=\"auto, (max-width: 709px) 85vw, (max-width: 909px) 67vw, (max-width: 1362px) 62vw, 840px\" \/><figcaption>Abb. 2.8 Nach dem \u00c4quivalenzprinzip ist es physikalisch nicht unterscheidbar, ob eine in einem System auftretende Kraft das Ergebnis einer Beschleunigung des Systems oder der Schwerkraft ist. Ein an der Decke des Fahrzeugs befestigtes Lot w\u00fcrde in gleicher Weise abgelenkt, ob das Fahrzeug beschleunigt (links) oder ob es eine Steigung hinauff\u00e4hrt oder an einer solchen steht (rechts)<\/figcaption><\/figure>\n\n\n\n<h2 class=\"wp-block-heading\"><\/h2>\n\n\n\n<figure class=\"wp-block-image\"><img loading=\"lazy\" decoding=\"async\" width=\"1024\" height=\"516\" src=\"https:\/\/quantenquark.com\/hoerbuch\/wp-content\/uploads\/sites\/6\/2019\/04\/2.9-Umlaufbahn-gro\u00df-1024x516.jpg\" alt=\"\" class=\"wp-image-20\" srcset=\"https:\/\/quantenquark.com\/hoerbuch\/wp-content\/uploads\/sites\/6\/2019\/04\/2.9-Umlaufbahn-gro\u00df-1024x516.jpg 1024w, https:\/\/quantenquark.com\/hoerbuch\/wp-content\/uploads\/sites\/6\/2019\/04\/2.9-Umlaufbahn-gro\u00df-300x151.jpg 300w, https:\/\/quantenquark.com\/hoerbuch\/wp-content\/uploads\/sites\/6\/2019\/04\/2.9-Umlaufbahn-gro\u00df-768x387.jpg 768w, https:\/\/quantenquark.com\/hoerbuch\/wp-content\/uploads\/sites\/6\/2019\/04\/2.9-Umlaufbahn-gro\u00df-1200x604.jpg 1200w\" sizes=\"auto, (max-width: 709px) 85vw, (max-width: 909px) 67vw, (max-width: 1362px) 62vw, 840px\" \/><figcaption>Abb. 2.9 Schwerelosigkeit entsteht im Orbit dadurch, dass die Raumstation durch die Schwerkraft auf ihrer Umlaufbahn gehalten wird, sodass sich nach dem \u00c4quivalenzprinzip in der Station die Schwerkraft und die Fliehkraft der Kreisbewegung gerade ausgleichen. Durch eine Rotation der Station um die eigene Achse l\u00e4sst sich zus\u00e4tzlich wieder eine k\u00fcnstliche Schwerkraft erzeugen, die in ihren Auswirkungen von der echten Schwerkraft nicht zu unterscheiden ist<\/figcaption><\/figure>\n\n\n\n<h2 class=\"wp-block-heading\"><\/h2>\n\n\n\n<figure class=\"wp-block-image\"><img loading=\"lazy\" decoding=\"async\" width=\"1024\" height=\"742\" src=\"https:\/\/quantenquark.com\/hoerbuch\/wp-content\/uploads\/sites\/6\/2019\/04\/2.10-Periheldrehung-1024x742.jpg\" alt=\"\" class=\"wp-image-22\" srcset=\"https:\/\/quantenquark.com\/hoerbuch\/wp-content\/uploads\/sites\/6\/2019\/04\/2.10-Periheldrehung-1024x742.jpg 1024w, https:\/\/quantenquark.com\/hoerbuch\/wp-content\/uploads\/sites\/6\/2019\/04\/2.10-Periheldrehung-300x217.jpg 300w, https:\/\/quantenquark.com\/hoerbuch\/wp-content\/uploads\/sites\/6\/2019\/04\/2.10-Periheldrehung-768x557.jpg 768w, https:\/\/quantenquark.com\/hoerbuch\/wp-content\/uploads\/sites\/6\/2019\/04\/2.10-Periheldrehung-1200x870.jpg 1200w\" sizes=\"auto, (max-width: 709px) 85vw, (max-width: 909px) 67vw, (max-width: 1362px) 62vw, 840px\" \/><figcaption>Abb. 2.10 Schematische Darstellung der sogenannten Periheldrehung der elliptischen Umlaufbahnen eines Planeten. Mit jedem Umlauf des Planeten um die Sonne bewegt sich seine Umlaufbahn ein St\u00fcck weiter. Sowohl die Abweichung der Planetenbahn von einer Kreisform als auch die Drehung der Umlaufbahn sind f\u00fcr den Merkur am ausgepr\u00e4gtesten. In dieser Skizze sind sie jedoch zur Verdeutlichung stark \u00fcbertrieben. Beim Merkur ist der gr\u00f6\u00dfte Abstand zur Sonne ca. 1,5-mal so gro\u00df wie der kleinste. Die Merkurbahn ver\u00e4ndert sich in 627 Jahren oder 2600 Uml\u00e4ufen des Planeten nur um ein Grad<\/figcaption><\/figure>\n\n\n\n<h2 class=\"wp-block-heading\"><\/h2>\n\n\n\n<figure class=\"wp-block-image\"><img loading=\"lazy\" decoding=\"async\" width=\"1024\" height=\"671\" src=\"https:\/\/quantenquark.com\/hoerbuch\/wp-content\/uploads\/sites\/6\/2019\/04\/3.1-Planck-gro\u00df-1024x671.jpg\" alt=\"\" class=\"wp-image-23\" srcset=\"https:\/\/quantenquark.com\/hoerbuch\/wp-content\/uploads\/sites\/6\/2019\/04\/3.1-Planck-gro\u00df-1024x671.jpg 1024w, https:\/\/quantenquark.com\/hoerbuch\/wp-content\/uploads\/sites\/6\/2019\/04\/3.1-Planck-gro\u00df-300x196.jpg 300w, https:\/\/quantenquark.com\/hoerbuch\/wp-content\/uploads\/sites\/6\/2019\/04\/3.1-Planck-gro\u00df-768x503.jpg 768w, https:\/\/quantenquark.com\/hoerbuch\/wp-content\/uploads\/sites\/6\/2019\/04\/3.1-Planck-gro\u00df-1200x786.jpg 1200w\" sizes=\"auto, (max-width: 709px) 85vw, (max-width: 909px) 67vw, (max-width: 1362px) 62vw, 840px\" \/><figcaption>Abb. 3.1 Strahlungsspektren unterschiedlich hei\u00dfer \u201eschwarzer\u201c Oberfl\u00e4chen nach dem Planck\u2019schen Strahlungsgesetz. Das Spektrum zeigt jeweils an, wie viel Strahlung bei welcher Wellenl\u00e4nge abgegeben wird. Die Skala der senkrechten Achse ist logarithmisch; jeder Teilstrich bedeutet also eine Verzehnfachung der Strahlungsintensit\u00e4t. Nur sehr hei\u00dfe Oberfl\u00e4chen emittieren Strahlung im (farbig unterlegten) Bereich des sichtbaren Lichts<br><br><\/figcaption><\/figure>\n\n\n\n<h2 class=\"wp-block-heading\"><\/h2>\n\n\n\n<figure class=\"wp-block-image\"><img loading=\"lazy\" decoding=\"async\" width=\"1024\" height=\"865\" src=\"https:\/\/quantenquark.com\/hoerbuch\/wp-content\/uploads\/sites\/6\/2019\/04\/3.2-Saitenschwingung-1024x865.jpg\" alt=\"\" class=\"wp-image-26\" srcset=\"https:\/\/quantenquark.com\/hoerbuch\/wp-content\/uploads\/sites\/6\/2019\/04\/3.2-Saitenschwingung-1024x865.jpg 1024w, https:\/\/quantenquark.com\/hoerbuch\/wp-content\/uploads\/sites\/6\/2019\/04\/3.2-Saitenschwingung-300x253.jpg 300w, https:\/\/quantenquark.com\/hoerbuch\/wp-content\/uploads\/sites\/6\/2019\/04\/3.2-Saitenschwingung-768x648.jpg 768w, https:\/\/quantenquark.com\/hoerbuch\/wp-content\/uploads\/sites\/6\/2019\/04\/3.2-Saitenschwingung-1200x1013.jpg 1200w\" sizes=\"auto, (max-width: 709px) 85vw, (max-width: 909px) 67vw, (max-width: 1362px) 62vw, 840px\" \/><figcaption>Abb. 3.2 M\u00f6gliche Schwingungen einer Gitarrensaite als Modellvorstellung f\u00fcr die Bindungszust\u00e4nde eines Elektrons im Atom. Die obere Schwingung entspricht musikalisch dem Grundton und physikalisch der Quantenzahl 1. Darunter sind die ersten beiden Obert\u00f6ne entsprechend den Quantenzahlen 2 und 3 dargestellt<\/figcaption><\/figure>\n\n\n\n<h2 class=\"wp-block-heading\"><\/h2>\n\n\n\n<figure class=\"wp-block-image\"><img loading=\"lazy\" decoding=\"async\" width=\"1024\" height=\"987\" src=\"https:\/\/quantenquark.com\/hoerbuch\/wp-content\/uploads\/sites\/6\/2019\/04\/3.3-Doppelspalt-Teilchen-gro\u00df-1024x987.jpg\" alt=\"\" class=\"wp-image-27\" srcset=\"https:\/\/quantenquark.com\/hoerbuch\/wp-content\/uploads\/sites\/6\/2019\/04\/3.3-Doppelspalt-Teilchen-gro\u00df-1024x987.jpg 1024w, https:\/\/quantenquark.com\/hoerbuch\/wp-content\/uploads\/sites\/6\/2019\/04\/3.3-Doppelspalt-Teilchen-gro\u00df-300x289.jpg 300w, https:\/\/quantenquark.com\/hoerbuch\/wp-content\/uploads\/sites\/6\/2019\/04\/3.3-Doppelspalt-Teilchen-gro\u00df-768x740.jpg 768w, https:\/\/quantenquark.com\/hoerbuch\/wp-content\/uploads\/sites\/6\/2019\/04\/3.3-Doppelspalt-Teilchen-gro\u00df-1200x1157.jpg 1200w, https:\/\/quantenquark.com\/hoerbuch\/wp-content\/uploads\/sites\/6\/2019\/04\/3.3-Doppelspalt-Teilchen-gro\u00df.jpg 1998w\" sizes=\"auto, (max-width: 709px) 85vw, (max-width: 909px) 67vw, (max-width: 1362px) 62vw, 840px\" \/><figcaption>Abb. 3.3 Wellenausbreitung hinter einem Doppelspalt wie in Abb. 2.3 mit dem entstehenden Interferenzmuster auf einem Bildschirm (rechts im Bild) und direkt daneben den simulierten Auftreffpunkten einzelner ankommender Teilchen. Es kommen so gut wie keine Teilchen in den dunklen Bereichen an, in denen sich die Wellen durch Interferenz ausl\u00f6schen. Jedes einzelne Teilchen scheint also der Information des fertigen Interferenzmusters zu folgen<\/figcaption><\/figure>\n\n\n\n<h2 class=\"wp-block-heading\"><\/h2>\n\n\n\n<figure class=\"wp-block-image\"><img loading=\"lazy\" decoding=\"async\" width=\"1024\" height=\"646\" src=\"https:\/\/quantenquark.com\/hoerbuch\/wp-content\/uploads\/sites\/6\/2019\/04\/4.1-Theoriebildung-1024x646.jpg\" alt=\"\" class=\"wp-image-28\" srcset=\"https:\/\/quantenquark.com\/hoerbuch\/wp-content\/uploads\/sites\/6\/2019\/04\/4.1-Theoriebildung-1024x646.jpg 1024w, https:\/\/quantenquark.com\/hoerbuch\/wp-content\/uploads\/sites\/6\/2019\/04\/4.1-Theoriebildung-300x189.jpg 300w, https:\/\/quantenquark.com\/hoerbuch\/wp-content\/uploads\/sites\/6\/2019\/04\/4.1-Theoriebildung-768x484.jpg 768w, https:\/\/quantenquark.com\/hoerbuch\/wp-content\/uploads\/sites\/6\/2019\/04\/4.1-Theoriebildung-1200x757.jpg 1200w\" sizes=\"auto, (max-width: 709px) 85vw, (max-width: 909px) 67vw, (max-width: 1362px) 62vw, 840px\" \/><figcaption>Abb. 4.1 Theoriebegriff in der Wissenschaft im Vergleich zum allgemeinen Sprachgebrauch. Die<br> wissenschaftliche Theorie ist das Ergebnis eines Prozesses mit fachspezifischen, klar festgelegten Regeln<\/figcaption><\/figure>\n\n\n\n<h2 class=\"wp-block-heading\"><\/h2>\n\n\n\n<figure class=\"wp-block-image\"><img loading=\"lazy\" decoding=\"async\" width=\"1024\" height=\"287\" src=\"https:\/\/quantenquark.com\/hoerbuch\/wp-content\/uploads\/sites\/6\/2019\/04\/5.1-Resonator-1024x287.jpg\" alt=\"\" class=\"wp-image-29\" srcset=\"https:\/\/quantenquark.com\/hoerbuch\/wp-content\/uploads\/sites\/6\/2019\/04\/5.1-Resonator-1024x287.jpg 1024w, https:\/\/quantenquark.com\/hoerbuch\/wp-content\/uploads\/sites\/6\/2019\/04\/5.1-Resonator-300x84.jpg 300w, https:\/\/quantenquark.com\/hoerbuch\/wp-content\/uploads\/sites\/6\/2019\/04\/5.1-Resonator-768x215.jpg 768w, https:\/\/quantenquark.com\/hoerbuch\/wp-content\/uploads\/sites\/6\/2019\/04\/5.1-Resonator-1200x336.jpg 1200w\" sizes=\"auto, (max-width: 709px) 85vw, (max-width: 909px) 67vw, (max-width: 1362px) 62vw, 840px\" \/><figcaption>Abb. 5.1 Vorgeschlagene Anordnung, um ein Bakterium \u201ean zwei Orte gleichzeitig\u201c zu bringen. Das Bakterium wird auf einer winzigen, schwingenden Membran befestigt, und diese wird dann nahe an den absoluten Nullpunkt abgek\u00fchlt und abgebremst, bis die Schwingungsenergie die Gr\u00f6\u00dfenordnung einzelner Quanten erreicht hat. Die erreichbare Ortsungenauigkeit liegt etwa bei einem Zwanzigstel eines Atomdurchmessers<\/figcaption><\/figure>\n\n\n\n<h2 class=\"wp-block-heading\"><\/h2>\n\n\n\n<figure class=\"wp-block-image\"><img loading=\"lazy\" decoding=\"async\" width=\"1024\" height=\"486\" src=\"https:\/\/quantenquark.com\/hoerbuch\/wp-content\/uploads\/sites\/6\/2019\/04\/5.2-Qbit-1024x486.jpg\" alt=\"\" class=\"wp-image-30\" srcset=\"https:\/\/quantenquark.com\/hoerbuch\/wp-content\/uploads\/sites\/6\/2019\/04\/5.2-Qbit-1024x486.jpg 1024w, https:\/\/quantenquark.com\/hoerbuch\/wp-content\/uploads\/sites\/6\/2019\/04\/5.2-Qbit-300x143.jpg 300w, https:\/\/quantenquark.com\/hoerbuch\/wp-content\/uploads\/sites\/6\/2019\/04\/5.2-Qbit-768x365.jpg 768w, https:\/\/quantenquark.com\/hoerbuch\/wp-content\/uploads\/sites\/6\/2019\/04\/5.2-Qbit-1200x570.jpg 1200w\" sizes=\"auto, (max-width: 709px) 85vw, (max-width: 909px) 67vw, (max-width: 1362px) 62vw, 840px\" \/><figcaption>Abb. 5.2 Entscheidender Unterschied zwischen den Bits eines herk\u00f6mmlichen Computers und den QBits eines Quantencomputers. Die QBits k\u00f6nnen nicht nur Werte von 0 oder 1 annehmen und damit rechnen, sondern auch beliebige Werte dazwischen. Erst das Auslesen ergibt wieder Werte von 0 und 1, wobei die QBit-Werte die jeweiligen Wahrscheinlichkeiten festlegen<\/figcaption><\/figure>\n","protected":false},"excerpt":{"rendered":"<p>Auf dieser Seite finden Sie die im H\u00f6rbuch erw\u00e4hnten Abbildungen aus dem Buch &#8222;Relativer Quantenquark&#8220;. Sie k\u00f6nnen die Abbildungen auch bei Audible oder hier als pdf-Datei herunterladen:<\/p>\n","protected":false},"author":1,"featured_media":0,"parent":0,"menu_order":0,"comment_status":"closed","ping_status":"open","template":"","meta":{"footnotes":""},"class_list":["post-2","page","type-page","status-publish","hentry"],"_links":{"self":[{"href":"https:\/\/quantenquark.com\/hoerbuch\/wp-json\/wp\/v2\/pages\/2","targetHints":{"allow":["GET"]}}],"collection":[{"href":"https:\/\/quantenquark.com\/hoerbuch\/wp-json\/wp\/v2\/pages"}],"about":[{"href":"https:\/\/quantenquark.com\/hoerbuch\/wp-json\/wp\/v2\/types\/page"}],"author":[{"embeddable":true,"href":"https:\/\/quantenquark.com\/hoerbuch\/wp-json\/wp\/v2\/users\/1"}],"replies":[{"embeddable":true,"href":"https:\/\/quantenquark.com\/hoerbuch\/wp-json\/wp\/v2\/comments?post=2"}],"version-history":[{"count":14,"href":"https:\/\/quantenquark.com\/hoerbuch\/wp-json\/wp\/v2\/pages\/2\/revisions"}],"predecessor-version":[{"id":39,"href":"https:\/\/quantenquark.com\/hoerbuch\/wp-json\/wp\/v2\/pages\/2\/revisions\/39"}],"wp:attachment":[{"href":"https:\/\/quantenquark.com\/hoerbuch\/wp-json\/wp\/v2\/media?parent=2"}],"curies":[{"name":"wp","href":"https:\/\/api.w.org\/{rel}","templated":true}]}}